{"id":348530,"date":"2022-08-22T17:14:54","date_gmt":"2022-08-22T15:14:54","guid":{"rendered":"https:\/\/wpml.led2.eu\/product\/mag-loco-z\/"},"modified":"2025-10-13T09:39:22","modified_gmt":"2025-10-13T07:39:22","slug":"mag-loco-z","status":"publish","type":"product","link":"https:\/\/wpml.led2.eu\/fr\/product\/mag-loco-z\/","title":{"rendered":"MAG LOCO Z"},"content":{"rendered":"<p>[et_pb_section fb_built=\u00a0\u00bb1&Prime; _builder_version=\u00a0\u00bb4.19.2&Prime; background_enable_image=\u00a0\u00bboff\u00a0\u00bb parallax=\u00a0\u00bbon\u00a0\u00bb parallax_method=\u00a0\u00bboff\u00a0\u00bb width=\u00a0\u00bb100%\u00a0\u00bb max_width=\u00a0\u00bb100%\u00a0\u00bb min_height=\u00a0\u00bb1180px\u00a0\u00bb custom_margin=\u00a0\u00bb-25px||||false|false\u00a0\u00bb custom_padding=\u00a0\u00bb0px||||false|false\u00a0\u00bb background_last_edited=\u00a0\u00bbon|phone\u00a0\u00bb background_enable_image_tablet=\u00a0\u00bboff\u00a0\u00bb global_colors_info=\u00a0\u00bb{}\u00a0\u00bb][et_pb_row _builder_version=\u00a0\u00bb4.19.2&Prime; width=\u00a0\u00bb1440px\u00a0\u00bb max_width=\u00a0\u00bb98%\u00a0\u00bb custom_margin_tablet=\u00a0\u00bb0px||||false|false\u00a0\u00bb custom_margin_phone=\u00a0\u00bb0px||||false|false\u00a0\u00bb custom_margin_last_edited=\u00a0\u00bbon|tablet\u00a0\u00bb animation_style=\u00a0\u00bbbounce\u00a0\u00bb animation_direction=\u00a0\u00bbbottom\u00a0\u00bb animation_duration=\u00a0\u00bb500ms\u00a0\u00bb box_shadow_style=\u00a0\u00bbpreset2&Prime; box_shadow_color_tablet=\u00a0\u00bbRGBA(0,0,0,0)\u00a0\u00bb box_shadow_color_phone=\u00a0\u00bbRGBA(0,0,0,0)\u00a0\u00bb box_shadow_color_last_edited=\u00a0\u00bbon|phone\u00a0\u00bb global_colors_info=\u00a0\u00bb{}\u00a0\u00bb][et_pb_column type=\u00a0\u00bb4_4&Prime; _builder_version=\u00a0\u00bb4.16&Prime; custom_padding=\u00a0\u00bb|||\u00a0\u00bb global_colors_info=\u00a0\u00bb{}\u00a0\u00bb custom_padding__hover=\u00a0\u00bb|||\u00a0\u00bb][et_pb_wc_breadcrumb breadcrumb_home_text=\u00a0\u00bbLED2&Prime; breadcrumb_home_url=\u00a0\u00bb@ET-DC@eyJkeW5hbWljIjp0cnVlLCJjb250ZW50IjoiaG9tZV91cmwiLCJzZXR0aW5ncyI6e319@\u00a0\u00bb _builder_version=\u00a0\u00bb4.19.2&Prime; _dynamic_attributes=\u00a0\u00bbbreadcrumb_home_url\u00a0\u00bb body_font=\u00a0\u00bb|600|||||||\u00a0\u00bb body_font_size=\u00a0\u00bb14px\u00a0\u00bb body_line_height=\u00a0\u00bb3em\u00a0\u00bb background_color=\u00a0\u00bbrgba(0,0,0,0)\u00a0\u00bb width=\u00a0\u00bb100%\u00a0\u00bb max_width=\u00a0\u00bb100%\u00a0\u00bb custom_margin=\u00a0\u00bb0px|20px|0px|20px|false|false\u00a0\u00bb custom_margin_tablet=\u00a0\u00bb0px||0px||false|false\u00a0\u00bb custom_margin_phone=\u00a0\u00bb\u00a0\u00bb custom_margin_last_edited=\u00a0\u00bbon|phone\u00a0\u00bb custom_padding=\u00a0\u00bb0px|10px||5px|false|false\u00a0\u00bb global_colors_info=\u00a0\u00bb{}\u00a0\u00bb][\/et_pb_wc_breadcrumb][\/et_pb_column][\/et_pb_row][et_pb_row column_structure=\u00a0\u00bb3_5,2_5&Prime; _builder_version=\u00a0\u00bb4.19.2&Prime; background_color=\u00a0\u00bb#FFFFFF\u00a0\u00bb width=\u00a0\u00bb1440px\u00a0\u00bb width_tablet=\u00a0\u00bb100%\u00a0\u00bb width_phone=\u00a0\u00bb100%\u00a0\u00bb width_last_edited=\u00a0\u00bbon|desktop\u00a0\u00bb max_width=\u00a0\u00bb98%\u00a0\u00bb max_width_tablet=\u00a0\u00bb100%\u00a0\u00bb max_width_phone=\u00a0\u00bb100%\u00a0\u00bb max_width_last_edited=\u00a0\u00bbon|tablet\u00a0\u00bb module_alignment=\u00a0\u00bbcenter\u00a0\u00bb min_height=\u00a0\u00bb615px\u00a0\u00bb custom_margin_tablet=\u00a0\u00bb0px||||false|false\u00a0\u00bb custom_margin_phone=\u00a0\u00bb0px||||false|false\u00a0\u00bb custom_margin_last_edited=\u00a0\u00bboff|desktop\u00a0\u00bb custom_padding=\u00a0\u00bb10px|10px|30px|10px|false|false\u00a0\u00bb animation_style=\u00a0\u00bbbounce\u00a0\u00bb animation_direction=\u00a0\u00bbbottom\u00a0\u00bb animation_duration=\u00a0\u00bb500ms\u00a0\u00bb border_width_top=\u00a0\u00bb1px\u00a0\u00bb border_color_top=\u00a0\u00bb#b9b9b9&Prime; box_shadow_style=\u00a0\u00bbpreset2&Prime; box_shadow_color_tablet=\u00a0\u00bbRGBA(0,0,0,0)\u00a0\u00bb box_shadow_color_phone=\u00a0\u00bbRGBA(0,0,0,0)\u00a0\u00bb box_shadow_color_last_edited=\u00a0\u00bbon|phone\u00a0\u00bb collapsed=\u00a0\u00bboff\u00a0\u00bb global_colors_info=\u00a0\u00bb{}\u00a0\u00bb][et_pb_column type=\u00a0\u00bb3_5&Prime; _builder_version=\u00a0\u00bb4.19.2&Prime; background_color=\u00a0\u00bbRGBA(255,255,255,0)\u00a0\u00bb custom_padding=\u00a0\u00bb||||false|false\u00a0\u00bb custom_css_main_element=\u00a0\u00bbwidth: 60% !important;||margin-right: 5px !important;||\u00a0\u00bb global_colors_info=\u00a0\u00bb{}\u00a0\u00bb custom_padding__hover=\u00a0\u00bb|||\u00a0\u00bb custom_css_main_element_last_edited=\u00a0\u00bbon|desktop\u00a0\u00bb custom_css_main_element_tablet=\u00a0\u00bbwidth: 100% !important;\u00a0\u00bb custom_css_main_element_phone=\u00a0\u00bbwidth: 100% !important;||\u00a0\u00bb][et_pb_wc_title _builder_version=\u00a0\u00bb4.19.2&Prime; header_level=\u00a0\u00bbh1&Prime; header_font=\u00a0\u00bb|700|||||||\u00a0\u00bb header_text_color=\u00a0\u00bb#666666&Prime; background_color=\u00a0\u00bbrgba(0,0,0,0)\u00a0\u00bb custom_margin=\u00a0\u00bb10px||0px|10px|false|false\u00a0\u00bb custom_margin_tablet=\u00a0\u00bb10px|5px|0px|5px|false|false\u00a0\u00bb custom_margin_phone=\u00a0\u00bb10px|5px|0px|5px|false|false\u00a0\u00bb custom_margin_last_edited=\u00a0\u00bbon|desktop\u00a0\u00bb custom_padding=\u00a0\u00bb5px|10px|5px|10px|false|false\u00a0\u00bb custom_padding_last_edited=\u00a0\u00bboff|desktop\u00a0\u00bb animation_direction=\u00a0\u00bbleft\u00a0\u00bb header_font_size_tablet=\u00a0\u00bb\u00a0\u00bb header_font_size_phone=\u00a0\u00bb25px\u00a0\u00bb header_font_size_last_edited=\u00a0\u00bbon|phone\u00a0\u00bb global_colors_info=\u00a0\u00bb{}\u00a0\u00bb][\/et_pb_wc_title][et_pb_wc_description description_type=\u00a0\u00bbdescription\u00a0\u00bb _builder_version=\u00a0\u00bb4.19.2&Prime; body_line_height=\u00a0\u00bb1.6em\u00a0\u00bb background_color=\u00a0\u00bbrgba(0,0,0,0)\u00a0\u00bb custom_margin=\u00a0\u00bb0px|10px|0px|10px|false|false\u00a0\u00bb custom_margin_tablet=\u00a0\u00bb0px|5px||5px|false|false\u00a0\u00bb custom_margin_phone=\u00a0\u00bb0px|5px||5px|false|false\u00a0\u00bb custom_margin_last_edited=\u00a0\u00bbon|phone\u00a0\u00bb custom_padding=\u00a0\u00bb5px|10px|10px|10px|false|false\u00a0\u00bb body_font_size_phone=\u00a0\u00bb0.75rem\u00a0\u00bb body_font_size_last_edited=\u00a0\u00bboff|phone\u00a0\u00bb global_colors_info=\u00a0\u00bb{}\u00a0\u00bb][\/et_pb_wc_description][et_pb_wc_meta separator=\u00a0\u00bb \u00a0\u00bb show_categories=\u00a0\u00bboff\u00a0\u00bb show_tags=\u00a0\u00bboff\u00a0\u00bb _builder_version=\u00a0\u00bb4.23.1&Prime; body_font=\u00a0\u00bb|700|||||||\u00a0\u00bb body_font_size=\u00a0\u00bb1rem\u00a0\u00bb background_color=\u00a0\u00bbrgba(0,0,0,0)\u00a0\u00bb custom_margin=\u00a0\u00bb0px||0px|10px|false|false\u00a0\u00bb custom_margin_tablet=\u00a0\u00bb0px||0px|5px|false|false\u00a0\u00bb custom_margin_phone=\u00a0\u00bb0px||||false|false\u00a0\u00bb custom_margin_last_edited=\u00a0\u00bbon|tablet\u00a0\u00bb custom_padding=\u00a0\u00bb10px|10px|10px|10px|false|false\u00a0\u00bb custom_padding_tablet=\u00a0\u00bb||10px||false|false\u00a0\u00bb custom_padding_phone=\u00a0\u00bb||10px||false|false\u00a0\u00bb custom_padding_last_edited=\u00a0\u00bboff|desktop\u00a0\u00bb body_font_tablet=\u00a0\u00bb\u00a0\u00bb body_font_phone=\u00a0\u00bb|700|||||||\u00a0\u00bb body_font_last_edited=\u00a0\u00bbon|desktop\u00a0\u00bb body_font_size_tablet=\u00a0\u00bb\u00a0\u00bb body_font_size_phone=\u00a0\u00bb\u00a0\u00bb body_font_size_last_edited=\u00a0\u00bbon|phone\u00a0\u00bb body_text_shadow_style=\u00a0\u00bbpreset1&Prime; body_text_shadow_color=\u00a0\u00bbrgba(0,0,0,0)\u00a0\u00bb border_style_all=\u00a0\u00bbnone\u00a0\u00bb global_colors_info=\u00a0\u00bb{}\u00a0\u00bb][\/et_pb_wc_meta][et_pb_wc_description _builder_version=\u00a0\u00bb4.19.2&Prime; body_line_height=\u00a0\u00bb1.6em\u00a0\u00bb background_color=\u00a0\u00bbrgba(0,0,0,0)\u00a0\u00bb custom_margin=\u00a0\u00bb0px|10px|0px|10px|false|false\u00a0\u00bb custom_margin_tablet=\u00a0\u00bb0px|5px||5px|false|false\u00a0\u00bb custom_margin_phone=\u00a0\u00bb0px|5px||5px|false|false\u00a0\u00bb custom_margin_last_edited=\u00a0\u00bbon|phone\u00a0\u00bb custom_padding=\u00a0\u00bb5px|10px|10px|10px|false|false\u00a0\u00bb body_font_size_phone=\u00a0\u00bb0.75rem\u00a0\u00bb body_font_size_last_edited=\u00a0\u00bboff|phone\u00a0\u00bb box_shadow_style=\u00a0\u00bbpreset3&Prime; box_shadow_vertical=\u00a0\u00bb-10px\u00a0\u00bb box_shadow_blur=\u00a0\u00bb25px\u00a0\u00bb box_shadow_spread=\u00a0\u00bb-14px\u00a0\u00bb box_shadow_color_tablet=\u00a0\u00bbRGBA(255,255,255,0)\u00a0\u00bb box_shadow_color_phone=\u00a0\u00bbRGBA(255,255,255,0)\u00a0\u00bb box_shadow_color_last_edited=\u00a0\u00bbon|phone\u00a0\u00bb global_colors_info=\u00a0\u00bb{}\u00a0\u00bb][\/et_pb_wc_description][et_pb_wc_price admin_label=\u00a0\u00bbsimple-product-cena-pasik\u00a0\u00bb module_class=\u00a0\u00bbsimple-product-cena-pasik\u00a0\u00bb _builder_version=\u00a0\u00bb4.24.0&Prime; background_color=\u00a0\u00bbRGBA(255,255,255,0)\u00a0\u00bb custom_margin=\u00a0\u00bb0px|10px|45px|10px|false|false\u00a0\u00bb custom_margin_tablet=\u00a0\u00bb0px|10px|10px|10px|false|false\u00a0\u00bb custom_margin_phone=\u00a0\u00bb0px|10px|0px|10px|false|false\u00a0\u00bb custom_margin_last_edited=\u00a0\u00bbon|tablet\u00a0\u00bb custom_padding=\u00a0\u00bb13px|10px|10px|10px|false|false\u00a0\u00bb border_width_bottom=\u00a0\u00bb1px\u00a0\u00bb border_color_bottom=\u00a0\u00bb#d6d6d6&Prime; global_colors_info=\u00a0\u00bb{}\u00a0\u00bb][\/et_pb_wc_price][\/et_pb_column][et_pb_column type=\u00a0\u00bb2_5&Prime; _builder_version=\u00a0\u00bb4.19.2&Prime; background_color=\u00a0\u00bbRGBA(255,255,255,0)\u00a0\u00bb custom_padding=\u00a0\u00bb||||false|false\u00a0\u00bb custom_css_main_element=\u00a0\u00bbwidth:39.4% !important;||||\u00a0\u00bb global_colors_info=\u00a0\u00bb{}\u00a0\u00bb custom_padding__hover=\u00a0\u00bb|||\u00a0\u00bb custom_css_main_element_last_edited=\u00a0\u00bbon|phone\u00a0\u00bb custom_css_main_element_phone=\u00a0\u00bbwidth: 100% ! important;||\u00a0\u00bb custom_css_main_element_tablet=\u00a0\u00bbwidth: 100% ! important;||\u00a0\u00bb][et_pb_wc_images show_sale_badge=\u00a0\u00bboff\u00a0\u00bb _builder_version=\u00a0\u00bb4.19.2&Prime; custom_margin=\u00a0\u00bb0px|0px|0px|0px|false|false\u00a0\u00bb custom_margin_tablet=\u00a0\u00bb0px|5px||5px|false|false\u00a0\u00bb custom_margin_phone=\u00a0\u00bb0px|5px||5px|false|false\u00a0\u00bb custom_margin_last_edited=\u00a0\u00bboff|desktop\u00a0\u00bb custom_padding_last_edited=\u00a0\u00bboff|desktop\u00a0\u00bb global_colors_info=\u00a0\u00bb{}\u00a0\u00bb][\/et_pb_wc_images][et_pb_wc_gallery fullwidth=\u00a0\u00bboff\u00a0\u00bb show_title_and_caption=\u00a0\u00bboff\u00a0\u00bb show_pagination=\u00a0\u00bboff\u00a0\u00bb zoom_icon_color=\u00a0\u00bbRGBA(255,255,255,0)\u00a0\u00bb hover_overlay_color=\u00a0\u00bbrgba(255,152,0,0.19)\u00a0\u00bb admin_label=\u00a0\u00bbProduktova galeria\u00a0\u00bb module_class=\u00a0\u00bbproduct-gallery\u00a0\u00bb _builder_version=\u00a0\u00bb4.27.4&Prime; _module_preset=\u00a0\u00bbdefault\u00a0\u00bb custom_margin=\u00a0\u00bb-5px|||0px|false|false\u00a0\u00bb custom_margin_tablet=\u00a0\u00bb-4px|-5px|0px|-1px|false|false\u00a0\u00bb custom_margin_phone=\u00a0\u00bb-7px|3px||2px|false|false\u00a0\u00bb custom_margin_last_edited=\u00a0\u00bbon|desktop\u00a0\u00bb custom_padding=\u00a0\u00bb|0px||5px|false|false\u00a0\u00bb custom_padding_tablet=\u00a0\u00bb|0px|||false|false\u00a0\u00bb custom_padding_phone=\u00a0\u00bb|0px|||false|false\u00a0\u00bb custom_padding_last_edited=\u00a0\u00bbon|tablet\u00a0\u00bb custom_css_gallery_item=\u00a0\u00bbwidth: 31% !important;||margin: 1% !important;||clear: none !important;\u00a0\u00bb border_width_all=\u00a0\u00bb1px\u00a0\u00bb border_color_all=\u00a0\u00bb#b9b9b9&Prime; global_colors_info=\u00a0\u00bb{}\u00a0\u00bb custom_padding__hover_enabled=\u00a0\u00bbon|desktop\u00a0\u00bb custom_padding__hover=\u00a0\u00bb|0px||5px|false|false\u00a0\u00bb][\/et_pb_wc_gallery][\/et_pb_column][\/et_pb_row][\/et_pb_section]<\/p>\n","protected":false},"excerpt":{"rendered":"<p class=\"des_p\" style=\"color:red\"><strong>DALI<\/strong><br \/><span class=\"vertically_center\"><img decoding=\"async\" class=\"ctrl_ico\" src=\"https:\/\/led2.eu\/data\/dali.png\" alt=\"dali option\" title=\"DALI OPTION\"><\/span><\/p>\n<p class=\"des_p\"><span class=\"vertically_center\"><a href=\"https:\/\/datasheet.led2.eu\/pdf\/6301033D\" target=\"_blank\" rel=\"noopener noreferrer\"><img decoding=\"async\" class=\"des_img\" src=\"https:\/\/led2.eu\/data\/datasheet_icon.png\" alt=\"DATASHEET\" title=\"DATASHEET\" ><\/a><a href=\"https:\/\/led2.eu\/data\/eu-conf\/EU_conformity_LOCO_MAGNETIC.pdf\" target=\"_blank\" rel=\"noopener noreferrer\"><img decoding=\"async\" class=\"des_img\" src=\"https:\/\/led2.eu\/data\/eu-conf_icon.png\" alt=\"EU conformity\" title=\"EU conformity\"><\/a><a href=\"https:\/\/led2.eu\/data\/instructions\/led2-instructions-loco-mag.pdf\" target=\"_blank\" rel=\"noopener noreferrer\"><img decoding=\"async\" class=\"des_img\" src=\"https:\/\/led2.eu\/data\/install_icon.png\" alt=\"INSTALL\" title=\"INSTALL\"><\/a><a href=\"https:\/\/led2.eu\/data\/dali_manual.pdf\" target=\"_blank\" rel=\"noopener noreferrer\"><img decoding=\"async\" class=\"des_img\" src=\"https:\/\/led2.eu\/data\/manual_icon.png\" alt=\"CONTROL MANUAL\" title=\"CONTROL MANUAL\"><\/a><a href=\"https:\/\/led2.eu\/data\/3D\/led2-3D-mag-loco.zip\"><img decoding=\"async\" class=\"des_img\" src=\"https:\/\/led2.eu\/data\/3d_icon.png\" alt=\"3D\" title=\"3D\"><\/a><a href=\"https:\/\/led2.eu\/data\/eulumdata\/led2-ldt-loco-z.zip\"><img decoding=\"async\" class=\"des_img\" src=\"https:\/\/led2.eu\/data\/ldt_icon.png\" alt=\"EULUMDAT\" title=\"EULUMDAT\"><\/a><a href=\"https:\/\/led2.eu\/data\/qr\/6301033D_QR.pdf\" target=\"_blank\" rel=\"noopener noreferrer\"><img decoding=\"async\" class=\"des_img\" src=\"https:\/\/led2.eu\/data\/qr_icon.png\" alt=\"QR CODE\" title=\"QR CODE\"><\/a><a href=\"https:\/\/led2.eu\/data\/flyer\/MAGNETIC_FLYER_2026.pdf\" target=\"_blank\" rel=\"noopener noreferrer\"><img decoding=\"async\" class=\"des_img\" src=\"https:\/\/led2.eu\/data\/flyer_icon.png\" alt=\"FLYER\" title=\"FLYER\"><\/a><a href=\"https:\/\/led2.eu\/data\/eprel\/6301033D_label.zip\" target=\"_blank\" rel=\"noopener noreferrer\"><img decoding=\"async\" class=\"des_img\" src=\"https:\/\/led2.eu\/data\/energy_f.png\" alt=\"ENERGY LABEL\" title=\"ENERGY LABEL\"><\/a><a href=\"https:\/\/led2.eu\/data\/eprel\/6301033D_list.zip\" target=\"_blank\" rel=\"noopener noreferrer\" class=\"line\" style=\"color:#333333;padding-left:5px\">Informa\u010dn\u00fd list v\u00fdrobku<\/a><\/span><\/p>\n<div class=\"row_new_product\">\n<div class=\"column_new_product\">\n<p class=\"des_p\"><strong>Materi\u00e1l <\/strong>Hlin\u00edk, PMMA<br \/><strong>Farba <\/strong>\u010cierna<br \/><strong>RAL <\/strong>9005<br \/><strong>Rozmery <\/strong>\u00d8.100 x D.2000 mm<br \/><strong>Pr\u00edkon <\/strong>10W<br \/><strong>Farba svetla <\/strong>3000K<br \/><strong>Sveteln\u00fd tok <\/strong>900 lm<br \/><strong>CRI <\/strong>> 90<br \/><strong>Vy\u017earovac\u00ed uhol <\/strong>100\u00b0<br \/><strong>Ovl\u00e1danie <\/strong>DALI<br \/><strong>Nap\u00e1janie <\/strong>48V DC<br \/><strong>Nap\u00e1jac\u00ed zdroj <\/strong>250 mA<br \/><strong>IP krytie <\/strong>20<br \/><strong>Hmotnos\u0165 <\/strong>0,95 kg<br \/><strong>EAN <\/strong>8585054414017<br \/><span style=\"position: relative; top: 0.2em;\">*<\/span><br \/><strong>Emergency kit <\/strong><span style=\"color:red\">n\/a<\/span><\/p>\n<\/div>\n<div class=\"column_new_product\">\n<p><img decoding=\"async\" src=\"https:\/\/led2.eu\/data\/pics\/tech\/6301033_dimmensions_wp.png\" alt=\"\"><\/p>\n<\/div>\n<\/div>\n","protected":false},"featured_media":337895,"template":"","meta":{"_et_pb_use_builder":"on","_et_pb_old_content":"<p style=\"text-align: justify\">Suspension destin\u00e9e \u00e0 \u00eatre install\u00e9e sur un rail magn\u00e9tique 48V. Source lumineuse \u2013 LED SMD. Disponible en couleur noire. Le luminaire est fabriqu\u00e9 en aluminium, le diffuseur opale en PMMA. Utilisation \u2013 \u00e9clairage de comptoirs de bar, de tables \u00e0 manger et d\u2019autres espaces (salle \u00e0 manger, salon, cuisine, r\u00e9ception).<\/p>","_et_gb_content_width":"","iawp_total_views":0},"product_brand":[],"product_cat":[724],"product_tag":[568,567,451,456,649,650],"class_list":{"0":"post-348530","1":"product","2":"type-product","3":"status-publish","4":"has-post-thumbnail","6":"product_cat-48v-listove-svietidla","7":"product_tag-locco","8":"product_tag-loko","9":"product_tag-magnetic","10":"product_tag-magneticke","11":"product_tag-magnetics","12":"product_tag-magnetik","14":"first","15":"instock","16":"taxable","17":"shipping-taxable","18":"purchasable","19":"product-type-simple"},"wooqr_code":"","yoast_head":"<!-- This site is optimized with the Yoast SEO plugin v27.4 - https:\/\/yoast.com\/product\/yoast-seo-wordpress\/ -->\n<title>MAG LOCO Z - architectural lighting<\/title>\n<meta name=\"robots\" content=\"index, follow, max-snippet:-1, max-image-preview:large, max-video-preview:-1\" \/>\n<link rel=\"canonical\" href=\"https:\/\/wpml.led2.eu\/fr\/product\/mag-loco-z\/\" \/>\n<meta property=\"og:locale\" content=\"fr_FR\" \/>\n<meta property=\"og:type\" content=\"article\" \/>\n<meta property=\"og:title\" content=\"MAG LOCO Z - architectural lighting\" \/>\n<meta property=\"og:description\" content=\"DALIInforma\u010dn\u00fd list v\u00fdrobkuMateri\u00e1l Hlin\u00edk, PMMAFarba \u010ciernaRAL 9005Rozmery \u00d8.100 x D.2000 mmPr\u00edkon 10WFarba svetla 3000KSveteln\u00fd tok 900 lmCRI &gt; 90Vy\u017earovac\u00ed uhol 100\u00b0Ovl\u00e1danie DALINap\u00e1janie 48V DCNap\u00e1jac\u00ed zdroj 250 mAIP krytie 20Hmotnos\u0165 0,95 kgEAN 8585054414017*Emergency kit n\/a\" \/>\n<meta property=\"og:url\" content=\"https:\/\/wpml.led2.eu\/fr\/product\/mag-loco-z\/\" \/>\n<meta property=\"og:site_name\" content=\"architectural lighting\" \/>\n<meta property=\"article:publisher\" content=\"https:\/\/www.facebook.com\/led2.eu\/\" \/>\n<meta property=\"article:modified_time\" content=\"2025-10-13T07:39:22+00:00\" \/>\n<meta property=\"og:image\" content=\"https:\/\/wpml.led2.eu\/wp-content\/uploads\/2022\/07\/mag-loco-1a.jpg\" \/>\n\t<meta property=\"og:image:width\" content=\"1365\" \/>\n\t<meta property=\"og:image:height\" content=\"1024\" \/>\n\t<meta property=\"og:image:type\" content=\"image\/jpeg\" \/>\n<meta name=\"twitter:card\" content=\"summary_large_image\" \/>\n<meta name=\"twitter:label1\" content=\"Dur\u00e9e de lecture estim\u00e9e\" \/>\n\t<meta name=\"twitter:data1\" content=\"2 minutes\" \/>\n<script type=\"application\/ld+json\" class=\"yoast-schema-graph\">{\"@context\":\"https:\\\/\\\/schema.org\",\"@graph\":[{\"@type\":\"WebPage\",\"@id\":\"https:\\\/\\\/wpml.led2.eu\\\/fr\\\/product\\\/mag-loco-z\\\/\",\"url\":\"https:\\\/\\\/wpml.led2.eu\\\/fr\\\/product\\\/mag-loco-z\\\/\",\"name\":\"MAG LOCO Z - architectural lighting\",\"isPartOf\":{\"@id\":\"https:\\\/\\\/wpml.led2.eu\\\/fr\\\/#website\"},\"primaryImageOfPage\":{\"@id\":\"https:\\\/\\\/wpml.led2.eu\\\/fr\\\/product\\\/mag-loco-z\\\/#primaryimage\"},\"image\":{\"@id\":\"https:\\\/\\\/wpml.led2.eu\\\/fr\\\/product\\\/mag-loco-z\\\/#primaryimage\"},\"thumbnailUrl\":\"https:\\\/\\\/wpml.led2.eu\\\/wp-content\\\/uploads\\\/2022\\\/07\\\/mag-loco-1a.jpg\",\"datePublished\":\"2022-08-22T15:14:54+00:00\",\"dateModified\":\"2025-10-13T07:39:22+00:00\",\"breadcrumb\":{\"@id\":\"https:\\\/\\\/wpml.led2.eu\\\/fr\\\/product\\\/mag-loco-z\\\/#breadcrumb\"},\"inLanguage\":\"fr-FR\",\"potentialAction\":[{\"@type\":\"ReadAction\",\"target\":[\"https:\\\/\\\/wpml.led2.eu\\\/fr\\\/product\\\/mag-loco-z\\\/\"]}]},{\"@type\":\"ImageObject\",\"inLanguage\":\"fr-FR\",\"@id\":\"https:\\\/\\\/wpml.led2.eu\\\/fr\\\/product\\\/mag-loco-z\\\/#primaryimage\",\"url\":\"https:\\\/\\\/wpml.led2.eu\\\/wp-content\\\/uploads\\\/2022\\\/07\\\/mag-loco-1a.jpg\",\"contentUrl\":\"https:\\\/\\\/wpml.led2.eu\\\/wp-content\\\/uploads\\\/2022\\\/07\\\/mag-loco-1a.jpg\",\"width\":1365,\"height\":1024},{\"@type\":\"BreadcrumbList\",\"@id\":\"https:\\\/\\\/wpml.led2.eu\\\/fr\\\/product\\\/mag-loco-z\\\/#breadcrumb\",\"itemListElement\":[{\"@type\":\"ListItem\",\"position\":1,\"name\":\"Home\",\"item\":\"https:\\\/\\\/wpml.led2.eu\\\/fr\\\/\"},{\"@type\":\"ListItem\",\"position\":2,\"name\":\"Produits\",\"item\":\"https:\\\/\\\/wpml.led2.eu\\\/fr\\\/shop\\\/\"},{\"@type\":\"ListItem\",\"position\":3,\"name\":\"MAG LOCO Z\"}]},{\"@type\":\"WebSite\",\"@id\":\"https:\\\/\\\/wpml.led2.eu\\\/fr\\\/#website\",\"url\":\"https:\\\/\\\/wpml.led2.eu\\\/fr\\\/\",\"name\":\"architectural lighting\",\"description\":\"\",\"publisher\":{\"@id\":\"https:\\\/\\\/wpml.led2.eu\\\/fr\\\/#organization\"},\"potentialAction\":[{\"@type\":\"SearchAction\",\"target\":{\"@type\":\"EntryPoint\",\"urlTemplate\":\"https:\\\/\\\/wpml.led2.eu\\\/fr\\\/?s={search_term_string}\"},\"query-input\":{\"@type\":\"PropertyValueSpecification\",\"valueRequired\":true,\"valueName\":\"search_term_string\"}}],\"inLanguage\":\"fr-FR\"},{\"@type\":\"Organization\",\"@id\":\"https:\\\/\\\/wpml.led2.eu\\\/fr\\\/#organization\",\"name\":\"architectural lighting\",\"url\":\"https:\\\/\\\/wpml.led2.eu\\\/fr\\\/\",\"logo\":{\"@type\":\"ImageObject\",\"inLanguage\":\"fr-FR\",\"@id\":\"https:\\\/\\\/wpml.led2.eu\\\/fr\\\/#\\\/schema\\\/logo\\\/image\\\/\",\"url\":\"https:\\\/\\\/led2.eu\\\/wp-content\\\/uploads\\\/2020\\\/06\\\/led2-logo-2019-positive.png\",\"contentUrl\":\"https:\\\/\\\/led2.eu\\\/wp-content\\\/uploads\\\/2020\\\/06\\\/led2-logo-2019-positive.png\",\"width\":112,\"height\":40,\"caption\":\"architectural lighting\"},\"image\":{\"@id\":\"https:\\\/\\\/wpml.led2.eu\\\/fr\\\/#\\\/schema\\\/logo\\\/image\\\/\"},\"sameAs\":[\"https:\\\/\\\/www.facebook.com\\\/led2.eu\\\/\"]}]}<\/script>\n<!-- \/ Yoast SEO plugin. -->","yoast_head_json":{"title":"MAG LOCO Z - architectural lighting","robots":{"index":"index","follow":"follow","max-snippet":"max-snippet:-1","max-image-preview":"max-image-preview:large","max-video-preview":"max-video-preview:-1"},"canonical":"https:\/\/wpml.led2.eu\/fr\/product\/mag-loco-z\/","og_locale":"fr_FR","og_type":"article","og_title":"MAG LOCO Z - architectural lighting","og_description":"DALIInforma\u010dn\u00fd list v\u00fdrobkuMateri\u00e1l Hlin\u00edk, PMMAFarba \u010ciernaRAL 9005Rozmery \u00d8.100 x D.2000 mmPr\u00edkon 10WFarba svetla 3000KSveteln\u00fd tok 900 lmCRI > 90Vy\u017earovac\u00ed uhol 100\u00b0Ovl\u00e1danie DALINap\u00e1janie 48V DCNap\u00e1jac\u00ed zdroj 250 mAIP krytie 20Hmotnos\u0165 0,95 kgEAN 8585054414017*Emergency kit n\/a","og_url":"https:\/\/wpml.led2.eu\/fr\/product\/mag-loco-z\/","og_site_name":"architectural lighting","article_publisher":"https:\/\/www.facebook.com\/led2.eu\/","article_modified_time":"2025-10-13T07:39:22+00:00","og_image":[{"width":1365,"height":1024,"url":"https:\/\/wpml.led2.eu\/wp-content\/uploads\/2022\/07\/mag-loco-1a.jpg","type":"image\/jpeg"}],"twitter_card":"summary_large_image","twitter_misc":{"Dur\u00e9e de lecture estim\u00e9e":"2 minutes"},"schema":{"@context":"https:\/\/schema.org","@graph":[{"@type":"WebPage","@id":"https:\/\/wpml.led2.eu\/fr\/product\/mag-loco-z\/","url":"https:\/\/wpml.led2.eu\/fr\/product\/mag-loco-z\/","name":"MAG LOCO Z - architectural lighting","isPartOf":{"@id":"https:\/\/wpml.led2.eu\/fr\/#website"},"primaryImageOfPage":{"@id":"https:\/\/wpml.led2.eu\/fr\/product\/mag-loco-z\/#primaryimage"},"image":{"@id":"https:\/\/wpml.led2.eu\/fr\/product\/mag-loco-z\/#primaryimage"},"thumbnailUrl":"https:\/\/wpml.led2.eu\/wp-content\/uploads\/2022\/07\/mag-loco-1a.jpg","datePublished":"2022-08-22T15:14:54+00:00","dateModified":"2025-10-13T07:39:22+00:00","breadcrumb":{"@id":"https:\/\/wpml.led2.eu\/fr\/product\/mag-loco-z\/#breadcrumb"},"inLanguage":"fr-FR","potentialAction":[{"@type":"ReadAction","target":["https:\/\/wpml.led2.eu\/fr\/product\/mag-loco-z\/"]}]},{"@type":"ImageObject","inLanguage":"fr-FR","@id":"https:\/\/wpml.led2.eu\/fr\/product\/mag-loco-z\/#primaryimage","url":"https:\/\/wpml.led2.eu\/wp-content\/uploads\/2022\/07\/mag-loco-1a.jpg","contentUrl":"https:\/\/wpml.led2.eu\/wp-content\/uploads\/2022\/07\/mag-loco-1a.jpg","width":1365,"height":1024},{"@type":"BreadcrumbList","@id":"https:\/\/wpml.led2.eu\/fr\/product\/mag-loco-z\/#breadcrumb","itemListElement":[{"@type":"ListItem","position":1,"name":"Home","item":"https:\/\/wpml.led2.eu\/fr\/"},{"@type":"ListItem","position":2,"name":"Produits","item":"https:\/\/wpml.led2.eu\/fr\/shop\/"},{"@type":"ListItem","position":3,"name":"MAG LOCO Z"}]},{"@type":"WebSite","@id":"https:\/\/wpml.led2.eu\/fr\/#website","url":"https:\/\/wpml.led2.eu\/fr\/","name":"architectural lighting","description":"","publisher":{"@id":"https:\/\/wpml.led2.eu\/fr\/#organization"},"potentialAction":[{"@type":"SearchAction","target":{"@type":"EntryPoint","urlTemplate":"https:\/\/wpml.led2.eu\/fr\/?s={search_term_string}"},"query-input":{"@type":"PropertyValueSpecification","valueRequired":true,"valueName":"search_term_string"}}],"inLanguage":"fr-FR"},{"@type":"Organization","@id":"https:\/\/wpml.led2.eu\/fr\/#organization","name":"architectural lighting","url":"https:\/\/wpml.led2.eu\/fr\/","logo":{"@type":"ImageObject","inLanguage":"fr-FR","@id":"https:\/\/wpml.led2.eu\/fr\/#\/schema\/logo\/image\/","url":"https:\/\/led2.eu\/wp-content\/uploads\/2020\/06\/led2-logo-2019-positive.png","contentUrl":"https:\/\/led2.eu\/wp-content\/uploads\/2020\/06\/led2-logo-2019-positive.png","width":112,"height":40,"caption":"architectural lighting"},"image":{"@id":"https:\/\/wpml.led2.eu\/fr\/#\/schema\/logo\/image\/"},"sameAs":["https:\/\/www.facebook.com\/led2.eu\/"]}]}},"_links":{"self":[{"href":"https:\/\/wpml.led2.eu\/fr\/wp-json\/wp\/v2\/product\/348530","targetHints":{"allow":["GET"]}}],"collection":[{"href":"https:\/\/wpml.led2.eu\/fr\/wp-json\/wp\/v2\/product"}],"about":[{"href":"https:\/\/wpml.led2.eu\/fr\/wp-json\/wp\/v2\/types\/product"}],"wp:featuredmedia":[{"embeddable":true,"href":"https:\/\/wpml.led2.eu\/fr\/wp-json\/wp\/v2\/media\/337895"}],"wp:attachment":[{"href":"https:\/\/wpml.led2.eu\/fr\/wp-json\/wp\/v2\/media?parent=348530"}],"wp:term":[{"taxonomy":"product_brand","embeddable":true,"href":"https:\/\/wpml.led2.eu\/fr\/wp-json\/wp\/v2\/product_brand?post=348530"},{"taxonomy":"product_cat","embeddable":true,"href":"https:\/\/wpml.led2.eu\/fr\/wp-json\/wp\/v2\/product_cat?post=348530"},{"taxonomy":"product_tag","embeddable":true,"href":"https:\/\/wpml.led2.eu\/fr\/wp-json\/wp\/v2\/product_tag?post=348530"}],"curies":[{"name":"wp","href":"https:\/\/api.w.org\/{rel}","templated":true}]}}